{"id":2213,"date":"2026-02-13T13:32:36","date_gmt":"2026-02-13T13:32:36","guid":{"rendered":"https:\/\/gpinternational.dev3-artgrafik.com\/?page_id=2213"},"modified":"2026-02-13T13:34:00","modified_gmt":"2026-02-13T13:34:00","slug":"mentions-legales","status":"publish","type":"page","link":"https:\/\/gpinternational.dev3-artgrafik.com\/en\/mentions-legales\/","title":{"rendered":"Legal notice"},"content":{"rendered":"<div data-elementor-type=\"wp-page\" data-elementor-id=\"2213\" class=\"elementor elementor-2213\" data-elementor-post-type=\"page\">\n\t\t\t\t<div class=\"elementor-element elementor-element-eae55a2 e-flex e-con-boxed e-con e-parent\" data-id=\"eae55a2\" data-element_type=\"container\" data-e-type=\"container\">\n\t\t\t\t\t<div class=\"e-con-inner\">\n\t\t\t\t<div class=\"elementor-element elementor-element-d36f91f elementor-widget elementor-widget-text-editor\" data-id=\"d36f91f\" data-element_type=\"widget\" data-e-type=\"widget\" data-widget_type=\"text-editor.default\">\n\t\t\t\t\t\t\t\t\t<p class=\"p1\"><b>Legal notice<\/b><\/p><p class=\"p2\">www.espaceclient-gpinternational.fr\/ est un site \u00e9dit\u00e9 par la soci\u00e9t\u00e9 GP INTERNATIONAL.<\/p><p class=\"p3\"><b>Company Identification<\/b><\/p><p class=\"p2\">Association GP INTERNATIONAL SIRET : 439 825 290 00018 Immatricul\u00e9 au RCS EVRY. Adresse : 3 rue Marcel Carne &#8211; 91080 COURCOURONNES contact : contact@gpinternational.fr GP INTERNATIONAL membre de la Soci\u00e9t\u00e9 Fran\u00e7aise de Sophrologie.\u00a0\u00a0<\/p><p class=\"p3\"><b>Responsibilities<\/b><\/p><p class=\"p2\">Neither the website www.espaceclient-gpinternational.fr nor any third party involved in the creation of this site shall be held liable for any damages, direct or indirect, arising from access to or difficulties accessing this site, or from any use thereof, including viruses that may infect the user's computer hardware configuration. The information on this site is provided \"as is\" without any warranty, express or implied, regarding the use of this publication. Information on this site may include technical inaccuracies or typographical errors. The website www.espaceclient-gpinternational.fr reserves the right to make modifications, improvements, and changes to the products and programs described on its site at any time and without notice. \u00a0<\/p><p class=\"p3\"><b>Copyright<\/b><\/p><p class=\"p2\">GP INTERNATIONAL advises users of this site that many elements of this site: a) are protected by copyright legislation: this may notably include photographs, articles, designs, animated sequences, etc.; Photo credits: Fotolia. b) and\/or are protected by legislation on designs and models; c) are protected by trademark legislation. These protected elements are the property of GP INTERNATIONAL or of third parties who have authorized GP INTERNATIONAL to use them. Any reproduction, representation, use, adaptation, modification, incorporation, translation, or commercialization, whether partial or in full, by any process and on any medium whatsoever (paper, digital, etc.) is prohibited without the prior written authorization of GP INTERNATIONAL, except for the exceptions referred to in Article L 122.5 of the French Intellectual Property Code; failure to comply constitutes an infringement of copyright and\/or designs and models and\/or trademarks, punishable by two years' imprisonment and a \u20ac150,000 fine. Copyright and\/or Rights to Designs and Models: The photographs, texts, slogans, designs, images, animated sequences (with or without sound), as well as all works integrated into the site, are the property of GP INTERNATIONAL or of third parties who have authorized GP INTERNATIONAL to use them. Reproductions of the aforementioned site on paper or computer media are authorized provided they are strictly reserved for personal use, excluding any use for advertising and\/or commercial and\/or informational purposes, and provided they comply with the provisions of Article L122-5 of the French Intellectual Property Code. \u00a0<\/p><p class=\"p3\"><b>Privacy Policy<\/b><\/p><p class=\"p2\">The information provided on www.espaceclient-gpinternational.fr is for informational purposes only. GP INTERNATIONAL cannot guarantee the accuracy, completeness, or timeliness of the information published on the site. The information on this site may contain technical inaccuracies or typographical errors. This information may be periodically modified, and such changes will be incorporated into new editions. GP INTERNATIONAL may, at any time and without notice, make improvements or changes to the products, programs, or services described on this site. Any reproduction, representation, modification, publication, transmission, or misrepresentation of the site or its content, in whole or in part, by any process and on any medium whatsoever, is prohibited. Any unauthorized use of the site, its content, or the information disclosed therein shall be the responsibility of the user and would constitute an infringement punishable under Articles L 335-2 et seq. of the French Intellectual Property Code. The same applies to any databases appearing on the website www.espaceclient-gpinternational.fr, which are protected by the provisions of the Law of July 1, 1998, transposing the European Directive of March 11, 1996, on the legal protection of databases into the French Intellectual Property Code. As such, any reproduction or extraction would engage the user's liability. \u00a0<\/p><p class=\"p3\"><b>Hyperlinks<\/b><\/p><p class=\"p2\">The website www.espaceclient-gpinternational.fr provides access to other sites via hyperlinks. As GP INTERNATIONAL does not manage these sites, it cannot control their content. Consequently, GP INTERNATIONAL shall under no circumstances be held liable for the content of the sites thus accessible, or for any collection and transmission of personal data, installation of cookies, or any other process for similar purposes carried out by these sites. Any public or private site is authorized to establish a link to the website www.espaceclient-gpinternational.fr without prior authorization, provided that: the pages of www.espaceclient-gpinternational.fr are not embedded within the pages of another site; and only the main URL is used: www.espaceclient-gpinternational.fr (no deep-linking to internal pages). \u00a0<\/p><p class=\"p3\"><b>Copyright<\/b><\/p><p class=\"p2\">All content on this site (articles, illustrations, screenshots, graphics, logos, downloads, and other files) is the property of the website www.espaceclient-gpinternational.fr and its respective authors, and is protected by French and international copyright, trademark, and intellectual property laws. Third-party trademarks and copyrights belong to the companies that market or license these products.\n\nPersonal Data Protection: You may consult the website www.espaceclient-gpinternational.fr without revealing your identity or any other personal information about yourself. GP INTERNATIONAL is committed to respecting your privacy and protecting the information you provide. In particular, personal data collected on the website www.espaceclient-gpinternational.fr is intended for the use of GP INTERNATIONAL. It is confidential and treated as such. Regarding any personal information you may provide, you have the right to access and rectify this data in accordance with the French Data Protection Act No. 78-17 of January 6, 1978. You may exercise this right by contacting GP INTERNATIONAL \u2013 27 rue des causses, 91940 Les Ulis, France. If you subscribe to email information services (\"newsletter\"), you may request to stop receiving these emails. Please note that in order to offer products and services better suited to your needs, certain non-personal information regarding your activity on this site will be automatically collected. This information is intended for GP INTERNATIONAL and may also be used for commercial or marketing operations or serve as a basis for studies and analyses. This information will under no circumstances be shared with third parties. Only GP INTERNATIONAL personnel have access to this data. \u00a0<\/p><p class=\"p3\"><b>Privacy Policy<\/b><\/p><p class=\"p2\">In accordance with Law No. 78-17 of January 6, 1978, as amended in 2004, relating to data processing, files, and individual liberties (known as the \"Data Protection Act\"), the website www.espaceclient-gpinternational.fr has been registered with the CNIL. \n\nExercise of the right of access: In accordance with Article 34 of the \"Data Protection Act,\" you have the right to access, modify, rectify, and delete data concerning you. To exercise this right, please contact: \n\nBy mail: GP INTERNATIONAL \u2013 3 rue Marcel Carne \u2013 91080 COURCOURONNES, France \nWebsite: www.espaceclient-gpinternational.fr \nBy email: contact@gpinternational.fr<\/p>\t\t\t\t\t\t\t\t<\/div>\n\t\t\t\t\t<\/div>\n\t\t\t\t<\/div>\n\t\t\t\t<\/div>","protected":false},"excerpt":{"rendered":"<p>Mentions l\u00e9gales www.espaceclient-gpinternational.fr\/ est un site \u00e9dit\u00e9 par la soci\u00e9t\u00e9 GP INTERNATIONAL. Identification de l&rsquo;Entreprise Association GP INTERNATIONAL SIRET : 439 825 290 00018 Immatricul\u00e9 au RCS EVRY. Adresse : 3 rue Marcel Carne &#8211; 91080 COURCOURONNES contact : contact@gpinternational.fr GP INTERNATIONAL membre de la Soci\u00e9t\u00e9 Fran\u00e7aise de Sophrologie.\u00a0\u00a0 Responsabilit\u00e9s Ni le sitewww.espaceclient-gpinternational.fr\u00a0ni un tiers [&hellip;]<\/p>\n","protected":false},"author":1,"featured_media":0,"parent":0,"menu_order":0,"comment_status":"closed","ping_status":"closed","template":"elementor_header_footer","meta":{"footnotes":""},"class_list":["post-2213","page","type-page","status-publish","hentry"],"_links":{"self":[{"href":"https:\/\/gpinternational.dev3-artgrafik.com\/en\/wp-json\/wp\/v2\/pages\/2213","targetHints":{"allow":["GET"]}}],"collection":[{"href":"https:\/\/gpinternational.dev3-artgrafik.com\/en\/wp-json\/wp\/v2\/pages"}],"about":[{"href":"https:\/\/gpinternational.dev3-artgrafik.com\/en\/wp-json\/wp\/v2\/types\/page"}],"author":[{"embeddable":true,"href":"https:\/\/gpinternational.dev3-artgrafik.com\/en\/wp-json\/wp\/v2\/users\/1"}],"replies":[{"embeddable":true,"href":"https:\/\/gpinternational.dev3-artgrafik.com\/en\/wp-json\/wp\/v2\/comments?post=2213"}],"version-history":[{"count":4,"href":"https:\/\/gpinternational.dev3-artgrafik.com\/en\/wp-json\/wp\/v2\/pages\/2213\/revisions"}],"predecessor-version":[{"id":2218,"href":"https:\/\/gpinternational.dev3-artgrafik.com\/en\/wp-json\/wp\/v2\/pages\/2213\/revisions\/2218"}],"wp:attachment":[{"href":"https:\/\/gpinternational.dev3-artgrafik.com\/en\/wp-json\/wp\/v2\/media?parent=2213"}],"curies":[{"name":"wp","href":"https:\/\/api.w.org\/{rel}","templated":true}]}}