{"id":273,"date":"2026-01-19T18:26:27","date_gmt":"2026-01-19T18:26:27","guid":{"rendered":"https:\/\/gpinternational.dev3-artgrafik.com\/?page_id=273"},"modified":"2026-02-17T16:13:20","modified_gmt":"2026-02-17T16:13:20","slug":"nos-services","status":"publish","type":"page","link":"https:\/\/gpinternational.dev3-artgrafik.com\/en\/nos-services\/","title":{"rendered":"Our services"},"content":{"rendered":"<div data-elementor-type=\"wp-page\" data-elementor-id=\"273\" class=\"elementor elementor-273\" data-elementor-post-type=\"page\">\n\t\t\t\t<div class=\"elementor-element elementor-element-58dcd0c e-flex e-con-boxed e-con e-parent\" data-id=\"58dcd0c\" data-element_type=\"container\" data-e-type=\"container\" data-settings=\"{&quot;background_background&quot;:&quot;classic&quot;}\">\n\t\t\t\t\t<div class=\"e-con-inner\">\n\t\t\t\t<div class=\"elementor-element elementor-element-79d0cc3 elementor-widget elementor-widget-heading\" data-id=\"79d0cc3\" data-element_type=\"widget\" data-e-type=\"widget\" data-widget_type=\"heading.default\">\n\t\t\t\t\t<h1 class=\"elementor-heading-title elementor-size-default\">GP INTERNATIONAL SERVICE <\/h1>\t\t\t\t<\/div>\n\t\t<div class=\"elementor-element elementor-element-5d29237 e-grid e-con-full e-con e-child\" data-id=\"5d29237\" data-element_type=\"container\" data-e-type=\"container\">\n\t\t<div class=\"elementor-element elementor-element-0bfb381 e-con-full e-flex e-con e-child\" data-id=\"0bfb381\" data-element_type=\"container\" data-e-type=\"container\">\n\t\t<div class=\"elementor-element elementor-element-33898ea e-con-full e-flex e-con e-child\" data-id=\"33898ea\" data-element_type=\"container\" data-e-type=\"container\">\n\t\t\t\t<div class=\"elementor-element elementor-element-bc715ae elementor-widget__width-initial elementor-widget elementor-widget-image\" data-id=\"bc715ae\" data-element_type=\"widget\" data-e-type=\"widget\" data-widget_type=\"image.default\">\n\t\t\t\t\t\t\t\t\t\t\t\t\t\t\t<img fetchpriority=\"high\" decoding=\"async\" width=\"512\" height=\"512\" src=\"https:\/\/gpinternational.dev3-artgrafik.com\/wp-content\/uploads\/2026\/01\/garanti.png\" class=\"attachment-large size-large wp-image-325\" alt=\"\" srcset=\"https:\/\/gpinternational.dev3-artgrafik.com\/wp-content\/uploads\/2026\/01\/garanti.png 512w, https:\/\/gpinternational.dev3-artgrafik.com\/wp-content\/uploads\/2026\/01\/garanti-100x100.png 100w, https:\/\/gpinternational.dev3-artgrafik.com\/wp-content\/uploads\/2026\/01\/garanti-300x300.png 300w, https:\/\/gpinternational.dev3-artgrafik.com\/wp-content\/uploads\/2026\/01\/garanti-150x150.png 150w\" sizes=\"(max-width: 512px) 100vw, 512px\" \/>\t\t\t\t\t\t\t\t\t\t\t\t\t\t\t<\/div>\n\t\t\t\t<div class=\"elementor-element elementor-element-1577a2e elementor-widget elementor-widget-heading\" data-id=\"1577a2e\" data-element_type=\"widget\" data-e-type=\"widget\" data-widget_type=\"heading.default\">\n\t\t\t\t\t<h3 class=\"elementor-heading-title elementor-size-default\">2-year warranty!<\/h3>\t\t\t\t<\/div>\n\t\t\t\t<\/div>\n\t\t\t\t<div class=\"elementor-element elementor-element-7c7c7d5 elementor-widget elementor-widget-text-editor translation-block\" data-id=\"7c7c7d5\" data-element_type=\"widget\" data-e-type=\"widget\" data-widget_type=\"text-editor.default\">Parce que la qualit\u00e9 est notre priorit\u00e9, <b>all our products come with a 2-year warranty against manufacturing defects<\/b> from the GP INTERNATIONAL date of purchase.<\/div>\n\t\t\t\t<\/div>\n\t\t<div class=\"elementor-element elementor-element-a61bfd7 e-con-full e-flex e-con e-child\" data-id=\"a61bfd7\" data-element_type=\"container\" data-e-type=\"container\">\n\t\t<div class=\"elementor-element elementor-element-6dfe1e7 e-con-full e-flex e-con e-child\" data-id=\"6dfe1e7\" data-element_type=\"container\" data-e-type=\"container\">\n\t\t\t\t<div class=\"elementor-element elementor-element-4084eef elementor-widget__width-initial elementor-widget elementor-widget-image\" data-id=\"4084eef\" data-element_type=\"widget\" data-e-type=\"widget\" data-widget_type=\"image.default\">\n\t\t\t\t\t\t\t\t\t\t\t\t\t\t\t<img decoding=\"async\" width=\"512\" height=\"512\" src=\"https:\/\/gpinternational.dev3-artgrafik.com\/wp-content\/uploads\/2026\/01\/livraison-express.png\" class=\"attachment-large size-large wp-image-326\" alt=\"\" srcset=\"https:\/\/gpinternational.dev3-artgrafik.com\/wp-content\/uploads\/2026\/01\/livraison-express.png 512w, https:\/\/gpinternational.dev3-artgrafik.com\/wp-content\/uploads\/2026\/01\/livraison-express-100x100.png 100w, https:\/\/gpinternational.dev3-artgrafik.com\/wp-content\/uploads\/2026\/01\/livraison-express-300x300.png 300w, https:\/\/gpinternational.dev3-artgrafik.com\/wp-content\/uploads\/2026\/01\/livraison-express-150x150.png 150w\" sizes=\"(max-width: 512px) 100vw, 512px\" \/>\t\t\t\t\t\t\t\t\t\t\t\t\t\t\t<\/div>\n\t\t\t\t<div class=\"elementor-element elementor-element-8915719 elementor-widget elementor-widget-heading\" data-id=\"8915719\" data-element_type=\"widget\" data-e-type=\"widget\" data-widget_type=\"heading.default\">\n\t\t\t\t\t<h3 class=\"elementor-heading-title elementor-size-default\">Express delivery\n<\/h3>\t\t\t\t<\/div>\n\t\t\t\t<\/div>\n\t\t\t\t<div class=\"elementor-element elementor-element-cb561b0 elementor-widget elementor-widget-text-editor translation-block\" data-id=\"cb561b0\" data-element_type=\"widget\" data-e-type=\"widget\" data-widget_type=\"text-editor.default\">Your parcels are shipped within <b>24 to 48 hours<\/b> of receiving your order.<\/div>\n\t\t\t\t<\/div>\n\t\t<div class=\"elementor-element elementor-element-64cef4a e-con-full e-flex e-con e-child\" data-id=\"64cef4a\" data-element_type=\"container\" data-e-type=\"container\">\n\t\t<div class=\"elementor-element elementor-element-ef7045a e-con-full e-flex e-con e-child\" data-id=\"ef7045a\" data-element_type=\"container\" data-e-type=\"container\">\n\t\t\t\t<div class=\"elementor-element elementor-element-551cd86 elementor-widget__width-initial elementor-widget elementor-widget-image\" data-id=\"551cd86\" data-element_type=\"widget\" data-e-type=\"widget\" data-widget_type=\"image.default\">\n\t\t\t\t\t\t\t\t\t\t\t\t\t\t\t<img decoding=\"async\" width=\"512\" height=\"512\" src=\"https:\/\/gpinternational.dev3-artgrafik.com\/wp-content\/uploads\/2026\/01\/centre-dappel.png\" class=\"attachment-large size-large wp-image-323\" alt=\"\" srcset=\"https:\/\/gpinternational.dev3-artgrafik.com\/wp-content\/uploads\/2026\/01\/centre-dappel.png 512w, https:\/\/gpinternational.dev3-artgrafik.com\/wp-content\/uploads\/2026\/01\/centre-dappel-100x100.png 100w, https:\/\/gpinternational.dev3-artgrafik.com\/wp-content\/uploads\/2026\/01\/centre-dappel-300x300.png 300w, https:\/\/gpinternational.dev3-artgrafik.com\/wp-content\/uploads\/2026\/01\/centre-dappel-150x150.png 150w\" sizes=\"(max-width: 512px) 100vw, 512px\" \/>\t\t\t\t\t\t\t\t\t\t\t\t\t\t\t<\/div>\n\t\t\t\t<div class=\"elementor-element elementor-element-ed996cf elementor-widget elementor-widget-heading\" data-id=\"ed996cf\" data-element_type=\"widget\" data-e-type=\"widget\" data-widget_type=\"heading.default\">\n\t\t\t\t\t<h3 class=\"elementor-heading-title elementor-size-default\">Simplified online after-sales service\n<\/h3>\t\t\t\t<\/div>\n\t\t\t\t<\/div>\n\t\t\t\t<div class=\"elementor-element elementor-element-db883c8 elementor-widget elementor-widget-text-editor translation-block\" data-id=\"db883c8\" data-element_type=\"widget\" data-e-type=\"widget\" data-widget_type=\"text-editor.default\">Need after-sales service? <b>Everything is managed online<\/b> from your customer area, without the need to return spare parts (excluding complete frames).<\/div>\n\t\t\t\t<\/div>\n\t\t<div class=\"elementor-element elementor-element-f0867e0 e-con-full e-flex e-con e-child\" data-id=\"f0867e0\" data-element_type=\"container\" data-e-type=\"container\">\n\t\t<div class=\"elementor-element elementor-element-3c1ab83 e-con-full e-flex e-con e-child\" data-id=\"3c1ab83\" data-element_type=\"container\" data-e-type=\"container\">\n\t\t\t\t<div class=\"elementor-element elementor-element-cb77c70 elementor-widget__width-initial elementor-widget elementor-widget-image\" data-id=\"cb77c70\" data-element_type=\"widget\" data-e-type=\"widget\" data-widget_type=\"image.default\">\n\t\t\t\t\t\t\t\t\t\t\t\t\t\t\t<img loading=\"lazy\" decoding=\"async\" width=\"512\" height=\"512\" src=\"https:\/\/gpinternational.dev3-artgrafik.com\/wp-content\/uploads\/2026\/01\/livraison-gratuite.png\" class=\"attachment-large size-large wp-image-327\" alt=\"\" srcset=\"https:\/\/gpinternational.dev3-artgrafik.com\/wp-content\/uploads\/2026\/01\/livraison-gratuite.png 512w, https:\/\/gpinternational.dev3-artgrafik.com\/wp-content\/uploads\/2026\/01\/livraison-gratuite-100x100.png 100w, https:\/\/gpinternational.dev3-artgrafik.com\/wp-content\/uploads\/2026\/01\/livraison-gratuite-300x300.png 300w, https:\/\/gpinternational.dev3-artgrafik.com\/wp-content\/uploads\/2026\/01\/livraison-gratuite-150x150.png 150w\" sizes=\"(max-width: 512px) 100vw, 512px\" \/>\t\t\t\t\t\t\t\t\t\t\t\t\t\t\t<\/div>\n\t\t\t\t<div class=\"elementor-element elementor-element-b227303 elementor-widget elementor-widget-heading\" data-id=\"b227303\" data-element_type=\"widget\" data-e-type=\"widget\" data-widget_type=\"heading.default\">\n\t\t\t\t\t<h3 class=\"elementor-heading-title elementor-size-default\">Free shipping\n<\/h3>\t\t\t\t<\/div>\n\t\t\t\t<\/div>\n\t\t\t\t<div class=\"elementor-element elementor-element-3e0a461 elementor-widget elementor-widget-text-editor translation-block\" data-id=\"3e0a461\" data-element_type=\"widget\" data-e-type=\"widget\" data-widget_type=\"text-editor.default\">From 5 items purchased, delivery is free on <strong><span style=\"text-decoration: underline\">espaceclient-gpinternational.fr<\/span><\/strong><\/div>\n\t\t\t\t<\/div>\n\t\t<div class=\"elementor-element elementor-element-4126e76 e-con-full e-flex e-con e-child\" data-id=\"4126e76\" data-element_type=\"container\" data-e-type=\"container\">\n\t\t<div class=\"elementor-element elementor-element-c3a4f78 e-con-full e-flex e-con e-child\" data-id=\"c3a4f78\" data-element_type=\"container\" data-e-type=\"container\">\n\t\t\t\t<div class=\"elementor-element elementor-element-4b37b18 elementor-widget__width-initial elementor-widget elementor-widget-image\" data-id=\"4b37b18\" data-element_type=\"widget\" data-e-type=\"widget\" data-widget_type=\"image.default\">\n\t\t\t\t\t\t\t\t\t\t\t\t\t\t\t<img loading=\"lazy\" decoding=\"async\" width=\"512\" height=\"512\" src=\"https:\/\/gpinternational.dev3-artgrafik.com\/wp-content\/uploads\/2026\/01\/en-stock.png\" class=\"attachment-large size-large wp-image-324\" alt=\"\" srcset=\"https:\/\/gpinternational.dev3-artgrafik.com\/wp-content\/uploads\/2026\/01\/en-stock.png 512w, https:\/\/gpinternational.dev3-artgrafik.com\/wp-content\/uploads\/2026\/01\/en-stock-100x100.png 100w, https:\/\/gpinternational.dev3-artgrafik.com\/wp-content\/uploads\/2026\/01\/en-stock-300x300.png 300w, https:\/\/gpinternational.dev3-artgrafik.com\/wp-content\/uploads\/2026\/01\/en-stock-150x150.png 150w\" sizes=\"(max-width: 512px) 100vw, 512px\" \/>\t\t\t\t\t\t\t\t\t\t\t\t\t\t\t<\/div>\n\t\t\t\t<div class=\"elementor-element elementor-element-ffa58f1 elementor-widget elementor-widget-heading\" data-id=\"ffa58f1\" data-element_type=\"widget\" data-e-type=\"widget\" data-widget_type=\"heading.default\">\n\t\t\t\t\t<h3 class=\"elementor-heading-title elementor-size-default\">Manage your stock with ease\n<\/h3>\t\t\t\t<\/div>\n\t\t\t\t<\/div>\n\t\t\t\t<div class=\"elementor-element elementor-element-f3073f8 elementor-widget elementor-widget-text-editor\" data-id=\"f3073f8\" data-element_type=\"widget\" data-e-type=\"widget\" data-widget_type=\"text-editor.default\">\n\t\t\t\t\t\t\t\t\t<p class=\"translation-block\">With our EDI solution, ensure your <strong>facing is always up to date<\/strong> and maintain <strong>just-in-time stock<\/strong> for better efficiency.<\/p>\t\t\t\t\t\t\t\t<\/div>\n\t\t\t\t<\/div>\n\t\t<div class=\"elementor-element elementor-element-487b077 e-con-full e-flex e-con e-child\" data-id=\"487b077\" data-element_type=\"container\" data-e-type=\"container\" data-settings=\"{&quot;background_background&quot;:&quot;classic&quot;}\">\n\t\t\t\t<div class=\"elementor-element elementor-element-a1d2fc3 elementor-widget elementor-widget-heading\" data-id=\"a1d2fc3\" data-element_type=\"widget\" data-e-type=\"widget\" data-widget_type=\"heading.default\">\n\t\t\t\t\t<h3 class=\"elementor-heading-title elementor-size-default\">Call us<\/h3>\t\t\t\t<\/div>\n\t\t\t\t<div class=\"elementor-element elementor-element-5cdc05f elementor-align-center elementor-icon-list--layout-traditional elementor-list-item-link-full_width elementor-widget elementor-widget-icon-list\" data-id=\"5cdc05f\" data-element_type=\"widget\" data-e-type=\"widget\" data-widget_type=\"icon-list.default\">\n\t\t\t\t\t\t\t<ul class=\"elementor-icon-list-items\">\n\t\t\t\t\t\t\t<li class=\"elementor-icon-list-item\">\n\t\t\t\t\t\t\t\t\t\t\t<span class=\"elementor-icon-list-icon\">\n\t\t\t\t\t\t\t<svg aria-hidden=\"true\" class=\"e-font-icon-svg e-far-clock\" viewbox=\"0 0 512 512\" xmlns=\"http:\/\/www.w3.org\/2000\/svg\"><path d=\"M256 8C119 8 8 119 8 256s111 248 248 248 248-111 248-248S393 8 256 8zm0 448c-110.5 0-200-89.5-200-200S145.5 56 256 56s200 89.5 200 200-89.5 200-200 200zm61.8-104.4l-84.9-61.7c-3.1-2.3-4.9-5.9-4.9-9.7V116c0-6.6 5.4-12 12-12h32c6.6 0 12 5.4 12 12v141.7l66.8 48.6c5.4 3.9 6.5 11.4 2.6 16.8L334.6 349c-3.9 5.3-11.4 6.5-16.8 2.6z\"><\/path><\/svg>\t\t\t\t\t\t<\/span>\n\t\t\t\t\t\t\t\t\t\t<span class=\"elementor-icon-list-text\">Monday from 13:00 to 16:00<\/span>\n\t\t\t\t\t\t\t\t\t<\/li>\n\t\t\t\t\t\t\t\t<li class=\"elementor-icon-list-item\">\n\t\t\t\t\t\t\t\t\t\t\t<span class=\"elementor-icon-list-icon\">\n\t\t\t\t\t\t\t<svg aria-hidden=\"true\" class=\"e-font-icon-svg e-far-clock\" viewbox=\"0 0 512 512\" xmlns=\"http:\/\/www.w3.org\/2000\/svg\"><path d=\"M256 8C119 8 8 119 8 256s111 248 248 248 248-111 248-248S393 8 256 8zm0 448c-110.5 0-200-89.5-200-200S145.5 56 256 56s200 89.5 200 200-89.5 200-200 200zm61.8-104.4l-84.9-61.7c-3.1-2.3-4.9-5.9-4.9-9.7V116c0-6.6 5.4-12 12-12h32c6.6 0 12 5.4 12 12v141.7l66.8 48.6c5.4 3.9 6.5 11.4 2.6 16.8L334.6 349c-3.9 5.3-11.4 6.5-16.8 2.6z\"><\/path><\/svg>\t\t\t\t\t\t<\/span>\n\t\t\t\t\t\t\t\t\t\t<span class=\"elementor-icon-list-text\">Tuesday to Thursday, 09:30 to 12:30 and 13:30 to 16:00<\/span>\n\t\t\t\t\t\t\t\t\t<\/li>\n\t\t\t\t\t\t\t\t<li class=\"elementor-icon-list-item\">\n\t\t\t\t\t\t\t\t\t\t\t<span class=\"elementor-icon-list-icon\">\n\t\t\t\t\t\t\t<svg aria-hidden=\"true\" class=\"e-font-icon-svg e-far-clock\" viewbox=\"0 0 512 512\" xmlns=\"http:\/\/www.w3.org\/2000\/svg\"><path d=\"M256 8C119 8 8 119 8 256s111 248 248 248 248-111 248-248S393 8 256 8zm0 448c-110.5 0-200-89.5-200-200S145.5 56 256 56s200 89.5 200 200-89.5 200-200 200zm61.8-104.4l-84.9-61.7c-3.1-2.3-4.9-5.9-4.9-9.7V116c0-6.6 5.4-12 12-12h32c6.6 0 12 5.4 12 12v141.7l66.8 48.6c5.4 3.9 6.5 11.4 2.6 16.8L334.6 349c-3.9 5.3-11.4 6.5-16.8 2.6z\"><\/path><\/svg>\t\t\t\t\t\t<\/span>\n\t\t\t\t\t\t\t\t\t\t<span class=\"elementor-icon-list-text\">Friday, 09:30 to 12:30<\/span>\n\t\t\t\t\t\t\t\t\t<\/li>\n\t\t\t\t\t\t<\/ul>\n\t\t\t\t\t\t<\/div>\n\t\t\t\t<div class=\"elementor-element elementor-element-fcdd438 elementor-widget elementor-widget-button\" data-id=\"fcdd438\" data-element_type=\"widget\" data-e-type=\"widget\" data-widget_type=\"button.default\">\n\t\t\t\t\t\t\t\t\t\t<a class=\"elementor-button elementor-button-link elementor-size-sm\" href=\"tel:+33954147301\">\n\t\t\t\t\t\t<span class=\"elementor-button-content-wrapper\">\n\t\t\t\t\t\t\t\t\t<span class=\"elementor-button-text\">09 54 14 73 01<\/span>\n\t\t\t\t\t<\/span>\n\t\t\t\t\t<\/a>\n\t\t\t\t\t\t\t\t<\/div>\n\t\t\t\t<\/div>\n\t\t\t\t<\/div>\n\t\t\t\t\t<\/div>\n\t\t\t\t<\/div>\n\t\t\t\t<\/div>","protected":false},"excerpt":{"rendered":"<p>LE SERVIcE GP INTERNATIONAL 2 ans de garantie ! Parce que la qualit\u00e9 est notre priorit\u00e9,\u00a0tous nos produits sont garantis 2 ans sur d\u00e9faut de fabrication \u00a0\u00e0 compter de la date d\u2019achat GP INTERNATIONAL Livraison express Vos colis sont exp\u00e9di\u00e9s sous\u00a024 \u00e0 48h\u00a0apr\u00e8s r\u00e9ception de votre commande. Un SAV simplifi\u00e9 en ligne Besoin d\u2019un service [&hellip;]<\/p>\n","protected":false},"author":1,"featured_media":0,"parent":0,"menu_order":0,"comment_status":"closed","ping_status":"closed","template":"elementor_header_footer","meta":{"footnotes":""},"class_list":["post-273","page","type-page","status-publish","hentry"],"_links":{"self":[{"href":"https:\/\/gpinternational.dev3-artgrafik.com\/en\/wp-json\/wp\/v2\/pages\/273","targetHints":{"allow":["GET"]}}],"collection":[{"href":"https:\/\/gpinternational.dev3-artgrafik.com\/en\/wp-json\/wp\/v2\/pages"}],"about":[{"href":"https:\/\/gpinternational.dev3-artgrafik.com\/en\/wp-json\/wp\/v2\/types\/page"}],"author":[{"embeddable":true,"href":"https:\/\/gpinternational.dev3-artgrafik.com\/en\/wp-json\/wp\/v2\/users\/1"}],"replies":[{"embeddable":true,"href":"https:\/\/gpinternational.dev3-artgrafik.com\/en\/wp-json\/wp\/v2\/comments?post=273"}],"version-history":[{"count":22,"href":"https:\/\/gpinternational.dev3-artgrafik.com\/en\/wp-json\/wp\/v2\/pages\/273\/revisions"}],"predecessor-version":[{"id":3094,"href":"https:\/\/gpinternational.dev3-artgrafik.com\/en\/wp-json\/wp\/v2\/pages\/273\/revisions\/3094"}],"wp:attachment":[{"href":"https:\/\/gpinternational.dev3-artgrafik.com\/en\/wp-json\/wp\/v2\/media?parent=273"}],"curies":[{"name":"wp","href":"https:\/\/api.w.org\/{rel}","templated":true}]}}