{"id":3157,"date":"2026-02-19T14:14:05","date_gmt":"2026-02-19T14:14:05","guid":{"rendered":"https:\/\/gpinternational.dev3-artgrafik.com\/?page_id=3157"},"modified":"2026-02-19T16:06:37","modified_gmt":"2026-02-19T16:06:37","slug":"nos-actus","status":"publish","type":"page","link":"https:\/\/gpinternational.dev3-artgrafik.com\/en\/nos-actus\/","title":{"rendered":"Our news"},"content":{"rendered":"\t\t<div data-elementor-type=\"wp-page\" data-elementor-id=\"3157\" class=\"elementor elementor-3157\" data-elementor-post-type=\"page\">\n\t\t\t\t<div class=\"elementor-element elementor-element-552e636 e-flex e-con-boxed e-con e-parent\" data-id=\"552e636\" data-element_type=\"container\" data-e-type=\"container\">\n\t\t\t\t\t<div class=\"e-con-inner\">\n\t\t\t\t<div class=\"elementor-element elementor-element-5ab0762 elementor-widget elementor-widget-heading\" data-id=\"5ab0762\" data-element_type=\"widget\" data-e-type=\"widget\" data-widget_type=\"heading.default\">\n\t\t\t\t\t<h1 class=\"elementor-heading-title elementor-size-default\">GP international - nos actus<\/h1>\t\t\t\t<\/div>\n\t\t\t\t<div class=\"elementor-element elementor-element-3a346ab elementor-grid-3 elementor-grid-tablet-2 elementor-grid-mobile-1 elementor-widget elementor-widget-loop-grid\" data-id=\"3a346ab\" data-element_type=\"widget\" data-e-type=\"widget\" data-settings=\"{&quot;template_id&quot;:3159,&quot;_skin&quot;:&quot;post&quot;,&quot;columns&quot;:&quot;3&quot;,&quot;columns_tablet&quot;:&quot;2&quot;,&quot;columns_mobile&quot;:&quot;1&quot;,&quot;edit_handle_selector&quot;:&quot;[data-elementor-type=\\&quot;loop-item\\&quot;]&quot;,&quot;row_gap&quot;:{&quot;unit&quot;:&quot;px&quot;,&quot;size&quot;:&quot;&quot;,&quot;sizes&quot;:[]},&quot;row_gap_tablet&quot;:{&quot;unit&quot;:&quot;px&quot;,&quot;size&quot;:&quot;&quot;,&quot;sizes&quot;:[]},&quot;row_gap_mobile&quot;:{&quot;unit&quot;:&quot;px&quot;,&quot;size&quot;:&quot;&quot;,&quot;sizes&quot;:[]}}\" data-widget_type=\"loop-grid.post\">\n\t\t\t\t<div class=\"elementor-widget-container\">\n\t\t\t\t\t\t\t<div class=\"elementor-loop-container elementor-grid\" role=\"list\">\n\t\t<style id=\"loop-3159\">.elementor-3159 .elementor-element.elementor-element-62bb793{--display:flex;--padding-top:0px;--padding-bottom:0px;--padding-left:0px;--padding-right:0px;}.elementor-3159 .elementor-element.elementor-element-5fc1c23{--display:flex;--padding-top:0px;--padding-bottom:0px;--padding-left:0px;--padding-right:0px;}.elementor-widget-image .widget-image-caption{color:var( --e-global-color-text );font-family:var( --e-global-typography-text-font-family ), Sans-serif;font-weight:var( --e-global-typography-text-font-weight );}.elementor-3159 .elementor-element.elementor-element-54ba33e img{height:235px;object-fit:cover;object-position:center center;border-radius:10px 10px 0px 0px;}.elementor-3159 .elementor-element.elementor-element-a5cc373{--display:flex;}.elementor-widget-theme-post-title .elementor-heading-title{font-family:var( --e-global-typography-primary-font-family ), Sans-serif;font-weight:var( --e-global-typography-primary-font-weight );text-transform:var( --e-global-typography-primary-text-transform );letter-spacing:var( --e-global-typography-primary-letter-spacing );color:var( --e-global-color-primary );}.elementor-3159 .elementor-element.elementor-element-0c7884d .elementor-heading-title{font-family:\"Raleway\", Sans-serif;font-size:16px;font-weight:600;text-transform:none;letter-spacing:2px;}.elementor-widget-theme-post-excerpt{font-family:var( --e-global-typography-text-font-family ), Sans-serif;font-weight:var( --e-global-typography-text-font-weight );color:var( --e-global-color-text );}.elementor-widget-button .elementor-button{font-family:var( --e-global-typography-accent-font-family ), Sans-serif;font-weight:var( --e-global-typography-accent-font-weight );text-transform:var( --e-global-typography-accent-text-transform );background-color:var( --e-global-color-accent );}.elementor-3159 .elementor-element.elementor-element-f15e26b .elementor-button{font-family:\"Raleway\", Sans-serif;font-size:12px;font-weight:600;text-transform:uppercase;letter-spacing:2px;fill:var( --e-global-color-primary );color:var( --e-global-color-primary );background-color:#11111F00;border-style:solid;border-width:1px 1px 1px 1px;border-color:var( --e-global-color-primary );border-radius:100px 100px 100px 100px;padding:15px 15px 12px 15px;}.elementor-3159 .elementor-element.elementor-element-f15e26b .elementor-button:hover, .elementor-3159 .elementor-element.elementor-element-f15e26b .elementor-button:focus{color:var( --e-global-color-primary );background-color:#FFFFFF;}.elementor-3159 .elementor-element.elementor-element-f15e26b .elementor-button:hover svg, .elementor-3159 .elementor-element.elementor-element-f15e26b .elementor-button:focus svg{fill:var( --e-global-color-primary );}@media(max-width:1024px){.elementor-widget-theme-post-title .elementor-heading-title{letter-spacing:var( --e-global-typography-primary-letter-spacing );}}@media(max-width:767px){.elementor-widget-theme-post-title .elementor-heading-title{letter-spacing:var( --e-global-typography-primary-letter-spacing );}}<\/style>\t\t<div data-elementor-type=\"loop-item\" data-elementor-id=\"3159\" class=\"elementor elementor-3159 e-loop-item e-loop-item-3152 post-3152 post type-post status-publish format-standard has-post-thumbnail hentry category-uncategorized\" data-elementor-post-type=\"elementor_library\" data-custom-edit-handle=\"1\">\n\t\t\t<div class=\"elementor-element elementor-element-62bb793 e-flex e-con-boxed e-con e-parent\" data-id=\"62bb793\" data-element_type=\"container\" data-e-type=\"container\">\n\t\t\t\t\t<div class=\"e-con-inner\">\n\t\t<div class=\"elementor-element elementor-element-5fc1c23 e-con-full e-flex e-con e-child\" data-id=\"5fc1c23\" data-element_type=\"container\" data-e-type=\"container\">\n\t\t\t\t<div class=\"elementor-element elementor-element-54ba33e elementor-widget elementor-widget-image\" data-id=\"54ba33e\" data-element_type=\"widget\" data-e-type=\"widget\" data-widget_type=\"image.default\">\n\t\t\t\t\t\t\t\t\t\t\t\t\t\t\t\t<a href=\"https:\/\/gpinternational.dev3-artgrafik.com\/en\/les-folies-rochelaises-quand-lart-dangy-pauchard-rencontre-loptique\/\">\n\t\t\t\t\t\t\t<img fetchpriority=\"high\" decoding=\"async\" width=\"416\" height=\"585\" src=\"https:\/\/gpinternational.dev3-artgrafik.com\/wp-content\/uploads\/2026\/02\/pastedImage-1.png\" class=\"attachment-large size-large wp-image-3095\" alt=\"\" srcset=\"https:\/\/gpinternational.dev3-artgrafik.com\/wp-content\/uploads\/2026\/02\/pastedImage-1.png 416w, https:\/\/gpinternational.dev3-artgrafik.com\/wp-content\/uploads\/2026\/02\/pastedImage-1-213x300.png 213w, https:\/\/gpinternational.dev3-artgrafik.com\/wp-content\/uploads\/2026\/02\/pastedImage-1-9x12.png 9w, https:\/\/gpinternational.dev3-artgrafik.com\/wp-content\/uploads\/2026\/02\/pastedImage-1-300x422.png 300w\" sizes=\"(max-width: 416px) 100vw, 416px\" \/>\t\t\t\t\t\t\t\t<\/a>\n\t\t\t\t\t\t\t\t\t\t\t\t\t\t\t<\/div>\n\t\t<div class=\"elementor-element elementor-element-a5cc373 e-con-full e-flex e-con e-child\" data-id=\"a5cc373\" data-element_type=\"container\" data-e-type=\"container\">\n\t\t\t\t<div class=\"elementor-element elementor-element-0c7884d elementor-widget elementor-widget-theme-post-title elementor-page-title elementor-widget-heading\" data-id=\"0c7884d\" data-element_type=\"widget\" data-e-type=\"widget\" data-widget_type=\"theme-post-title.default\">\n\t\t\t\t\t<h3 class=\"elementor-heading-title elementor-size-default\"><a href=\"https:\/\/gpinternational.dev3-artgrafik.com\/en\/les-folies-rochelaises-quand-lart-dangy-pauchard-rencontre-loptique\/\">Les Folies Rochelaises : Quand l\u2019art d\u2019Angy Pauchard rencontre l\u2019optique<\/a><\/h3>\t\t\t\t<\/div>\n\t\t\t\t<div class=\"elementor-element elementor-element-2f27a8d elementor-widget elementor-widget-theme-post-excerpt\" data-id=\"2f27a8d\" data-element_type=\"widget\" data-e-type=\"widget\" data-widget_type=\"theme-post-excerpt.default\">\n\t\t\t\t\tD\u00e9couvrez Les Folies Rochelaises, une marque cr\u00e9ative qui bouscule les codes avec des collections tendances et audacieuses. V\u00e9ritable hommage \u00e0 la Charente-Maritime, cette gamme distribu\u00e9e par GP International incarne une vision libre o\u00f9 l'accessoire devient une expression artistique.\t\t\t\t<\/div>\n\t\t\t\t<div class=\"elementor-element elementor-element-f15e26b elementor-mobile-align-center elementor-widget elementor-widget-button\" data-id=\"f15e26b\" data-element_type=\"widget\" data-e-type=\"widget\" data-widget_type=\"button.default\">\n\t\t\t\t\t\t\t\t\t\t<a class=\"elementor-button elementor-button-link elementor-size-sm\" href=\"https:\/\/gpinternational.dev3-artgrafik.com\/en\/les-folies-rochelaises-quand-lart-dangy-pauchard-rencontre-loptique\/\">\n\t\t\t\t\t\t<span class=\"elementor-button-content-wrapper\">\n\t\t\t\t\t\t\t\t\t<span class=\"elementor-button-text\">Lire la suite...<\/span>\n\t\t\t\t\t<\/span>\n\t\t\t\t\t<\/a>\n\t\t\t\t\t\t\t\t<\/div>\n\t\t\t\t<\/div>\n\t\t\t\t<\/div>\n\t\t\t\t\t<\/div>\n\t\t\t\t<\/div>\n\t\t\t\t<\/div>\n\t\t\t\t<div data-elementor-type=\"loop-item\" data-elementor-id=\"3159\" class=\"elementor elementor-3159 e-loop-item e-loop-item-3150 post-3150 post type-post status-publish format-standard has-post-thumbnail hentry category-uncategorized\" data-elementor-post-type=\"elementor_library\" data-custom-edit-handle=\"1\">\n\t\t\t<div class=\"elementor-element elementor-element-62bb793 e-flex e-con-boxed e-con e-parent\" data-id=\"62bb793\" data-element_type=\"container\" data-e-type=\"container\">\n\t\t\t\t\t<div class=\"e-con-inner\">\n\t\t<div class=\"elementor-element elementor-element-5fc1c23 e-con-full e-flex e-con e-child\" data-id=\"5fc1c23\" data-element_type=\"container\" data-e-type=\"container\">\n\t\t\t\t<div class=\"elementor-element elementor-element-54ba33e elementor-widget elementor-widget-image\" data-id=\"54ba33e\" data-element_type=\"widget\" data-e-type=\"widget\" data-widget_type=\"image.default\">\n\t\t\t\t\t\t\t\t\t\t\t\t\t\t\t\t<a href=\"https:\/\/gpinternational.dev3-artgrafik.com\/en\/lexigence-technique-au-coeur-de-la-lunetterie-gp-international\/\">\n\t\t\t\t\t\t\t<img decoding=\"async\" width=\"800\" height=\"598\" src=\"https:\/\/gpinternational.dev3-artgrafik.com\/wp-content\/uploads\/2026\/02\/Flower_Intemporel_3-1024x765.png\" class=\"attachment-large size-large wp-image-3069\" alt=\"\" srcset=\"https:\/\/gpinternational.dev3-artgrafik.com\/wp-content\/uploads\/2026\/02\/Flower_Intemporel_3-1024x765.png 1024w, https:\/\/gpinternational.dev3-artgrafik.com\/wp-content\/uploads\/2026\/02\/Flower_Intemporel_3-600x448.png 600w, https:\/\/gpinternational.dev3-artgrafik.com\/wp-content\/uploads\/2026\/02\/Flower_Intemporel_3-1200x896.png 1200w, https:\/\/gpinternational.dev3-artgrafik.com\/wp-content\/uploads\/2026\/02\/Flower_Intemporel_3-300x224.png 300w, https:\/\/gpinternational.dev3-artgrafik.com\/wp-content\/uploads\/2026\/02\/Flower_Intemporel_3-768x573.png 768w, https:\/\/gpinternational.dev3-artgrafik.com\/wp-content\/uploads\/2026\/02\/Flower_Intemporel_3-1536x1147.png 1536w, https:\/\/gpinternational.dev3-artgrafik.com\/wp-content\/uploads\/2026\/02\/Flower_Intemporel_3-2048x1529.png 2048w, https:\/\/gpinternational.dev3-artgrafik.com\/wp-content\/uploads\/2026\/02\/Flower_Intemporel_3-16x12.png 16w\" sizes=\"(max-width: 800px) 100vw, 800px\" \/>\t\t\t\t\t\t\t\t<\/a>\n\t\t\t\t\t\t\t\t\t\t\t\t\t\t\t<\/div>\n\t\t<div class=\"elementor-element elementor-element-a5cc373 e-con-full e-flex e-con e-child\" data-id=\"a5cc373\" data-element_type=\"container\" data-e-type=\"container\">\n\t\t\t\t<div class=\"elementor-element elementor-element-0c7884d elementor-widget elementor-widget-theme-post-title elementor-page-title elementor-widget-heading\" data-id=\"0c7884d\" data-element_type=\"widget\" data-e-type=\"widget\" data-widget_type=\"theme-post-title.default\">\n\t\t\t\t\t<h3 class=\"elementor-heading-title elementor-size-default\"><a href=\"https:\/\/gpinternational.dev3-artgrafik.com\/en\/lexigence-technique-au-coeur-de-la-lunetterie-gp-international\/\">L\u2019exigence technique au c\u0153ur de la lunetterie GP International<\/a><\/h3>\t\t\t\t<\/div>\n\t\t\t\t<div class=\"elementor-element elementor-element-2f27a8d elementor-widget elementor-widget-theme-post-excerpt\" data-id=\"2f27a8d\" data-element_type=\"widget\" data-e-type=\"widget\" data-widget_type=\"theme-post-excerpt.default\">\n\t\t\t\t\tChoisir une monture, c\u2019est avant tout choisir un confort quotidien et une fiabilit\u00e9 technique sans faille. Chez GP International, nous pla\u00e7ons l\u2019ing\u00e9nierie des mat\u00e9riaux au centre de notre d\u00e9marche de cr\u00e9ation pour accompagner les opticiens les plus exigeants.\t\t\t\t<\/div>\n\t\t\t\t<div class=\"elementor-element elementor-element-f15e26b elementor-mobile-align-center elementor-widget elementor-widget-button\" data-id=\"f15e26b\" data-element_type=\"widget\" data-e-type=\"widget\" data-widget_type=\"button.default\">\n\t\t\t\t\t\t\t\t\t\t<a class=\"elementor-button elementor-button-link elementor-size-sm\" href=\"https:\/\/gpinternational.dev3-artgrafik.com\/en\/lexigence-technique-au-coeur-de-la-lunetterie-gp-international\/\">\n\t\t\t\t\t\t<span class=\"elementor-button-content-wrapper\">\n\t\t\t\t\t\t\t\t\t<span class=\"elementor-button-text\">Lire la suite...<\/span>\n\t\t\t\t\t<\/span>\n\t\t\t\t\t<\/a>\n\t\t\t\t\t\t\t\t<\/div>\n\t\t\t\t<\/div>\n\t\t\t\t<\/div>\n\t\t\t\t\t<\/div>\n\t\t\t\t<\/div>\n\t\t\t\t<\/div>\n\t\t\t\t<div data-elementor-type=\"loop-item\" data-elementor-id=\"3159\" class=\"elementor elementor-3159 e-loop-item e-loop-item-3147 post-3147 post type-post status-publish format-standard has-post-thumbnail hentry category-uncategorized\" data-elementor-post-type=\"elementor_library\" data-custom-edit-handle=\"1\">\n\t\t\t<div class=\"elementor-element elementor-element-62bb793 e-flex e-con-boxed e-con e-parent\" data-id=\"62bb793\" data-element_type=\"container\" data-e-type=\"container\">\n\t\t\t\t\t<div class=\"e-con-inner\">\n\t\t<div class=\"elementor-element elementor-element-5fc1c23 e-con-full e-flex e-con e-child\" data-id=\"5fc1c23\" data-element_type=\"container\" data-e-type=\"container\">\n\t\t\t\t<div class=\"elementor-element elementor-element-54ba33e elementor-widget elementor-widget-image\" data-id=\"54ba33e\" data-element_type=\"widget\" data-e-type=\"widget\" data-widget_type=\"image.default\">\n\t\t\t\t\t\t\t\t\t\t\t\t\t\t\t\t<a href=\"https:\/\/gpinternational.dev3-artgrafik.com\/en\/gp-international-lance-son-nouveau-site-web-avec-catalogue\/\">\n\t\t\t\t\t\t\t<img decoding=\"async\" width=\"800\" height=\"889\" src=\"https:\/\/gpinternational.dev3-artgrafik.com\/wp-content\/uploads\/2026\/02\/fleo-model-922x1024.png\" class=\"attachment-large size-large wp-image-1913\" alt=\"\" srcset=\"https:\/\/gpinternational.dev3-artgrafik.com\/wp-content\/uploads\/2026\/02\/fleo-model-922x1024.png 922w, https:\/\/gpinternational.dev3-artgrafik.com\/wp-content\/uploads\/2026\/02\/fleo-model-600x666.png 600w, https:\/\/gpinternational.dev3-artgrafik.com\/wp-content\/uploads\/2026\/02\/fleo-model-1200x1332.png 1200w, https:\/\/gpinternational.dev3-artgrafik.com\/wp-content\/uploads\/2026\/02\/fleo-model-270x300.png 270w, https:\/\/gpinternational.dev3-artgrafik.com\/wp-content\/uploads\/2026\/02\/fleo-model-768x853.png 768w, https:\/\/gpinternational.dev3-artgrafik.com\/wp-content\/uploads\/2026\/02\/fleo-model-11x12.png 11w, https:\/\/gpinternational.dev3-artgrafik.com\/wp-content\/uploads\/2026\/02\/fleo-model.png 1270w\" sizes=\"(max-width: 800px) 100vw, 800px\" \/>\t\t\t\t\t\t\t\t<\/a>\n\t\t\t\t\t\t\t\t\t\t\t\t\t\t\t<\/div>\n\t\t<div class=\"elementor-element elementor-element-a5cc373 e-con-full e-flex e-con e-child\" data-id=\"a5cc373\" data-element_type=\"container\" data-e-type=\"container\">\n\t\t\t\t<div class=\"elementor-element elementor-element-0c7884d elementor-widget elementor-widget-theme-post-title elementor-page-title elementor-widget-heading\" data-id=\"0c7884d\" data-element_type=\"widget\" data-e-type=\"widget\" data-widget_type=\"theme-post-title.default\">\n\t\t\t\t\t<h3 class=\"elementor-heading-title elementor-size-default\"><a href=\"https:\/\/gpinternational.dev3-artgrafik.com\/en\/gp-international-lance-son-nouveau-site-web-avec-catalogue\/\">GP International lance son nouveau site web avec catalogue<\/a><\/h3>\t\t\t\t<\/div>\n\t\t\t\t<div class=\"elementor-element elementor-element-2f27a8d elementor-widget elementor-widget-theme-post-excerpt\" data-id=\"2f27a8d\" data-element_type=\"widget\" data-e-type=\"widget\" data-widget_type=\"theme-post-excerpt.default\">\n\t\t\t\t\tGP International, votre partenaire privil\u00e9gi\u00e9 en lunetterie, franchit une nouvelle \u00e9tape num\u00e9rique. Nous avons le plaisir de vous annoncer le lancement de notre nouveau site internet, con\u00e7u pour offrir aux professionnels de l\u2019optique une exp\u00e9rience fluide et moderne.\t\t\t\t<\/div>\n\t\t\t\t<div class=\"elementor-element elementor-element-f15e26b elementor-mobile-align-center elementor-widget elementor-widget-button\" data-id=\"f15e26b\" data-element_type=\"widget\" data-e-type=\"widget\" data-widget_type=\"button.default\">\n\t\t\t\t\t\t\t\t\t\t<a class=\"elementor-button elementor-button-link elementor-size-sm\" href=\"https:\/\/gpinternational.dev3-artgrafik.com\/en\/gp-international-lance-son-nouveau-site-web-avec-catalogue\/\">\n\t\t\t\t\t\t<span class=\"elementor-button-content-wrapper\">\n\t\t\t\t\t\t\t\t\t<span class=\"elementor-button-text\">Lire la suite...<\/span>\n\t\t\t\t\t<\/span>\n\t\t\t\t\t<\/a>\n\t\t\t\t\t\t\t\t<\/div>\n\t\t\t\t<\/div>\n\t\t\t\t<\/div>\n\t\t\t\t\t<\/div>\n\t\t\t\t<\/div>\n\t\t\t\t<\/div>\n\t\t\t\t<\/div>\n\t\t\n\t\t\t\t\t\t<\/div>\n\t\t\t\t<\/div>\n\t\t\t\t\t<\/div>\n\t\t\t\t<\/div>\n\t\t\t\t<\/div>\n\t\t","protected":false},"excerpt":{"rendered":"<p>GP international &#8211; nos actus<\/p>","protected":false},"author":1,"featured_media":0,"parent":0,"menu_order":0,"comment_status":"closed","ping_status":"closed","template":"elementor_header_footer","meta":{"footnotes":""},"class_list":["post-3157","page","type-page","status-publish","hentry"],"_links":{"self":[{"href":"https:\/\/gpinternational.dev3-artgrafik.com\/en\/wp-json\/wp\/v2\/pages\/3157","targetHints":{"allow":["GET"]}}],"collection":[{"href":"https:\/\/gpinternational.dev3-artgrafik.com\/en\/wp-json\/wp\/v2\/pages"}],"about":[{"href":"https:\/\/gpinternational.dev3-artgrafik.com\/en\/wp-json\/wp\/v2\/types\/page"}],"author":[{"embeddable":true,"href":"https:\/\/gpinternational.dev3-artgrafik.com\/en\/wp-json\/wp\/v2\/users\/1"}],"replies":[{"embeddable":true,"href":"https:\/\/gpinternational.dev3-artgrafik.com\/en\/wp-json\/wp\/v2\/comments?post=3157"}],"version-history":[{"count":16,"href":"https:\/\/gpinternational.dev3-artgrafik.com\/en\/wp-json\/wp\/v2\/pages\/3157\/revisions"}],"predecessor-version":[{"id":3239,"href":"https:\/\/gpinternational.dev3-artgrafik.com\/en\/wp-json\/wp\/v2\/pages\/3157\/revisions\/3239"}],"wp:attachment":[{"href":"https:\/\/gpinternational.dev3-artgrafik.com\/en\/wp-json\/wp\/v2\/media?parent=3157"}],"curies":[{"name":"wp","href":"https:\/\/api.w.org\/{rel}","templated":true}]}}