{"id":1734,"date":"2026-02-11T12:05:06","date_gmt":"2026-02-11T12:05:06","guid":{"rendered":"https:\/\/gpinternational.dev3-artgrafik.com\/?post_type=product&#038;p=1734"},"modified":"2026-02-19T15:14:37","modified_gmt":"2026-02-19T15:14:37","slug":"bullberry","status":"publish","type":"product","link":"https:\/\/gpinternational.dev3-artgrafik.com\/en\/product\/bullberry\/","title":{"rendered":"BullBerry"},"content":{"rendered":"<p>Fleo Flex : la monture homme par GP International alliant titane et carbone. Performance, l\u00e9g\u00e8ret\u00e9 et flexibilit\u00e9.<\/p>","protected":false},"excerpt":{"rendered":"<p>Fleo Flex : la monture homme par GP International alliant titane et carbone. Performance, l\u00e9g\u00e8ret\u00e9 et flexibilit\u00e9.<\/p>","protected":false},"featured_media":1514,"template":"","meta":[],"product_brand":[74],"product_cat":[73],"product_tag":[123],"class_list":{"0":"post-1734","1":"product","2":"type-product","3":"status-publish","4":"has-post-thumbnail","6":"product_brand-fleo-flex","7":"product_cat-fleo-flex","8":"product_tag-homme","9":"pa_matiere-cerclee","10":"pa_matiere-clip-solaire","11":"pa_matiere-nylor","12":"pa_matiere-titanium","14":"first","15":"instock","16":"taxable","17":"shipping-taxable","18":"purchasable","19":"product-type-variable","20":"rtwpvg-product"},"_links":{"self":[{"href":"https:\/\/gpinternational.dev3-artgrafik.com\/en\/wp-json\/wp\/v2\/product\/1734","targetHints":{"allow":["GET"]}}],"collection":[{"href":"https:\/\/gpinternational.dev3-artgrafik.com\/en\/wp-json\/wp\/v2\/product"}],"about":[{"href":"https:\/\/gpinternational.dev3-artgrafik.com\/en\/wp-json\/wp\/v2\/types\/product"}],"wp:featuredmedia":[{"embeddable":true,"href":"https:\/\/gpinternational.dev3-artgrafik.com\/en\/wp-json\/wp\/v2\/media\/1514"}],"wp:attachment":[{"href":"https:\/\/gpinternational.dev3-artgrafik.com\/en\/wp-json\/wp\/v2\/media?parent=1734"}],"wp:term":[{"taxonomy":"product_brand","embeddable":true,"href":"https:\/\/gpinternational.dev3-artgrafik.com\/en\/wp-json\/wp\/v2\/product_brand?post=1734"},{"taxonomy":"product_cat","embeddable":true,"href":"https:\/\/gpinternational.dev3-artgrafik.com\/en\/wp-json\/wp\/v2\/product_cat?post=1734"},{"taxonomy":"product_tag","embeddable":true,"href":"https:\/\/gpinternational.dev3-artgrafik.com\/en\/wp-json\/wp\/v2\/product_tag?post=1734"}],"curies":[{"name":"wp","href":"https:\/\/api.w.org\/{rel}","templated":true}]}}